{"id":959,"date":"2026-02-12T23:40:12","date_gmt":"2026-02-12T22:40:12","guid":{"rendered":"https:\/\/suapify.com\/en\/product\/snacks-sabritas-crispy-jalapeno-recipe-160g-botana-papas-sabritas-receta-crujiente-jalapeno-160g\/"},"modified":"2026-02-12T23:40:12","modified_gmt":"2026-02-12T22:40:12","slug":"snacks-sabritas-crispy-jalapeno-recipe-160g-botana-papas-sabritas-receta-crujiente-jalapeno-160g","status":"publish","type":"product","link":"https:\/\/suapify.com\/en\/product\/snacks-sabritas-crispy-jalapeno-recipe-160g-botana-papas-sabritas-receta-crujiente-jalapeno-160g\/","title":{"rendered":"Snacks Sabritas Crispy Jalape\u00f1o Recipe 160g (Botana Papas Sabritas Receta Crujiente Jalape\u00f1o 160g)"},"content":{"rendered":"<p>Sabritas Crispy Recipe Potatoes with jalape\u00f1o pepper flavor are made with 100% natural potatoes. Ideal to take a break or to share with friends and family.<br \/>\nProduct images are for reference only, label design and content (ml, L, Kg, g, pieces, etc.) may change and\/or vary without prior notice.<\/p>\n<p>Important Features<br \/>\nMade with natural potatoes<br \/>\nIdeal presentation to share<br \/>\nJalapeno pepper flavor<\/p>\n","protected":false},"excerpt":{"rendered":"<p>Sabritas Crispy Recipe Potatoes with jalape\u00f1o pepper flavor are made with 100% natural potatoes. Ideal to take a break or to share with friends and family.<br \/>\nProduct images are for reference only, label design and content (ml, L, Kg, g, pieces, etc.) may change and\/or vary without prior notice.<\/p>\n<p>Important Features<br \/>\nMade with natural potatoes<br \/>\nIdeal presentation to share<br \/>\nJalapeno pepper flavor<\/p>\n","protected":false},"featured_media":957,"comment_status":"open","ping_status":"closed","template":"","meta":{"inline_featured_image":false},"product_brand":[],"product_cat":[34,24],"product_tag":[],"class_list":{"0":"post-959","1":"product","2":"type-product","3":"status-publish","4":"has-post-thumbnail","6":"product_cat-sabritas","7":"product_cat-snacks","9":"first","10":"instock","11":"shipping-taxable","12":"purchasable","13":"product-type-simple"},"jetpack_sharing_enabled":true,"_links":{"self":[{"href":"https:\/\/suapify.com\/en\/wp-json\/wp\/v2\/product\/959","targetHints":{"allow":["GET"]}}],"collection":[{"href":"https:\/\/suapify.com\/en\/wp-json\/wp\/v2\/product"}],"about":[{"href":"https:\/\/suapify.com\/en\/wp-json\/wp\/v2\/types\/product"}],"replies":[{"embeddable":true,"href":"https:\/\/suapify.com\/en\/wp-json\/wp\/v2\/comments?post=959"}],"wp:featuredmedia":[{"embeddable":true,"href":"https:\/\/suapify.com\/en\/wp-json\/wp\/v2\/media\/957"}],"wp:attachment":[{"href":"https:\/\/suapify.com\/en\/wp-json\/wp\/v2\/media?parent=959"}],"wp:term":[{"taxonomy":"product_brand","embeddable":true,"href":"https:\/\/suapify.com\/en\/wp-json\/wp\/v2\/product_brand?post=959"},{"taxonomy":"product_cat","embeddable":true,"href":"https:\/\/suapify.com\/en\/wp-json\/wp\/v2\/product_cat?post=959"},{"taxonomy":"product_tag","embeddable":true,"href":"https:\/\/suapify.com\/en\/wp-json\/wp\/v2\/product_tag?post=959"}],"curies":[{"name":"wp","href":"https:\/\/api.w.org\/{rel}","templated":true}]}}