{"id":898,"date":"2026-02-12T23:38:48","date_gmt":"2026-02-12T22:38:48","guid":{"rendered":"https:\/\/suapify.com\/en\/product\/sabritas-crispy-jalapeno-recipe-potatoes-41g-papas-sabritas-receta-crujiente-jalapeno-41g\/"},"modified":"2026-02-12T23:38:48","modified_gmt":"2026-02-12T22:38:48","slug":"sabritas-crispy-jalapeno-recipe-potatoes-41g-papas-sabritas-receta-crujiente-jalapeno-41g","status":"publish","type":"product","link":"https:\/\/suapify.com\/en\/product\/sabritas-crispy-jalapeno-recipe-potatoes-41g-papas-sabritas-receta-crujiente-jalapeno-41g\/","title":{"rendered":"Sabritas Crispy Jalape\u00f1o Recipe Potatoes 41g (Papas Sabritas Receta Crujiente Jalape\u00f1o 41g)"},"content":{"rendered":"<p>Sabritas Crispy Jalape\u00f1o Recipe<br \/>\nProduct images are for reference only, label designs and content (ml, L, Kg, g, pieces, etc.) may change and\/or vary without prior notice.<\/p>\n<p>Important Features<br \/>\nThick Cut<br \/>\nCrispy texture<br \/>\nWith more jalape\u00f1o<\/p>\n","protected":false},"excerpt":{"rendered":"<p>Sabritas Crispy Jalape\u00f1o Recipe<br \/>\nProduct images are for reference only, label designs and content (ml, L, Kg, g, pieces, etc.) may change and\/or vary without prior notice.<\/p>\n<p>Important Features<br \/>\nThick Cut<br \/>\nCrispy texture<br \/>\nWith more jalape\u00f1o<\/p>\n","protected":false},"featured_media":897,"comment_status":"open","ping_status":"closed","template":"","meta":{"inline_featured_image":false},"product_brand":[],"product_cat":[34,24],"product_tag":[],"class_list":{"0":"post-898","1":"product","2":"type-product","3":"status-publish","4":"has-post-thumbnail","6":"product_cat-sabritas","7":"product_cat-snacks","9":"first","10":"instock","11":"shipping-taxable","12":"purchasable","13":"product-type-simple"},"jetpack_sharing_enabled":true,"_links":{"self":[{"href":"https:\/\/suapify.com\/en\/wp-json\/wp\/v2\/product\/898","targetHints":{"allow":["GET"]}}],"collection":[{"href":"https:\/\/suapify.com\/en\/wp-json\/wp\/v2\/product"}],"about":[{"href":"https:\/\/suapify.com\/en\/wp-json\/wp\/v2\/types\/product"}],"replies":[{"embeddable":true,"href":"https:\/\/suapify.com\/en\/wp-json\/wp\/v2\/comments?post=898"}],"wp:featuredmedia":[{"embeddable":true,"href":"https:\/\/suapify.com\/en\/wp-json\/wp\/v2\/media\/897"}],"wp:attachment":[{"href":"https:\/\/suapify.com\/en\/wp-json\/wp\/v2\/media?parent=898"}],"wp:term":[{"taxonomy":"product_brand","embeddable":true,"href":"https:\/\/suapify.com\/en\/wp-json\/wp\/v2\/product_brand?post=898"},{"taxonomy":"product_cat","embeddable":true,"href":"https:\/\/suapify.com\/en\/wp-json\/wp\/v2\/product_cat?post=898"},{"taxonomy":"product_tag","embeddable":true,"href":"https:\/\/suapify.com\/en\/wp-json\/wp\/v2\/product_tag?post=898"}],"curies":[{"name":"wp","href":"https:\/\/api.w.org\/{rel}","templated":true}]}}