{"id":5432,"date":"2026-02-14T06:21:37","date_gmt":"2026-02-14T05:21:37","guid":{"rendered":"https:\/\/suapify.com\/en\/product\/mission-corn-toast-with-tajin-200g-tostada-mission-de-maiz-con-tajin-200g\/"},"modified":"2026-02-14T06:21:37","modified_gmt":"2026-02-14T05:21:37","slug":"mission-corn-toast-with-tajin-200g-tostada-mission-de-maiz-con-tajin-200g","status":"publish","type":"product","link":"https:\/\/suapify.com\/en\/product\/mission-corn-toast-with-tajin-200g-tostada-mission-de-maiz-con-tajin-200g\/","title":{"rendered":"Mission Corn Toast with Taj\u00edn 200g (Tostada Mission de Ma\u00edz con Taj\u00edn 200g)"},"content":{"rendered":"<p>New Mission Corn Tostadas with Tajin, rich and crunchy, are a quick and tasty solution to enjoy with dishes or dips.<br \/>\n*Product images are for reference only, label designs and content (ml, L, Kg, g, pieces, etc.) may change and\/or vary without prior notice.<\/p>\n<p>Important Features<br \/>\nInternships<br \/>\nCholesterol free<\/p>\n","protected":false},"excerpt":{"rendered":"<p>New Mission Corn Tostadas with Tajin, rich and crunchy, are a quick and tasty solution to enjoy with dishes or dips.<br \/>\n*Product images are for reference only, label designs and content (ml, L, Kg, g, pieces, etc.) may change and\/or vary without prior notice.<\/p>\n<p>Important Features<br \/>\nInternships<br \/>\nCholesterol free<\/p>\n","protected":false},"featured_media":5430,"comment_status":"open","ping_status":"closed","template":"","meta":{"inline_featured_image":false},"product_brand":[],"product_cat":[299,305],"product_tag":[],"class_list":{"0":"post-5432","1":"product","2":"type-product","3":"status-publish","4":"has-post-thumbnail","6":"product_cat-bread-and-tortillas","7":"product_cat-mission","9":"first","10":"instock","11":"shipping-taxable","12":"purchasable","13":"product-type-simple"},"jetpack_sharing_enabled":true,"_links":{"self":[{"href":"https:\/\/suapify.com\/en\/wp-json\/wp\/v2\/product\/5432","targetHints":{"allow":["GET"]}}],"collection":[{"href":"https:\/\/suapify.com\/en\/wp-json\/wp\/v2\/product"}],"about":[{"href":"https:\/\/suapify.com\/en\/wp-json\/wp\/v2\/types\/product"}],"replies":[{"embeddable":true,"href":"https:\/\/suapify.com\/en\/wp-json\/wp\/v2\/comments?post=5432"}],"wp:featuredmedia":[{"embeddable":true,"href":"https:\/\/suapify.com\/en\/wp-json\/wp\/v2\/media\/5430"}],"wp:attachment":[{"href":"https:\/\/suapify.com\/en\/wp-json\/wp\/v2\/media?parent=5432"}],"wp:term":[{"taxonomy":"product_brand","embeddable":true,"href":"https:\/\/suapify.com\/en\/wp-json\/wp\/v2\/product_brand?post=5432"},{"taxonomy":"product_cat","embeddable":true,"href":"https:\/\/suapify.com\/en\/wp-json\/wp\/v2\/product_cat?post=5432"},{"taxonomy":"product_tag","embeddable":true,"href":"https:\/\/suapify.com\/en\/wp-json\/wp\/v2\/product_tag?post=5432"}],"curies":[{"name":"wp","href":"https:\/\/api.w.org\/{rel}","templated":true}]}}