{"id":5273,"date":"2026-02-14T05:58:32","date_gmt":"2026-02-14T04:58:32","guid":{"rendered":"https:\/\/suapify.com\/en\/product\/tamal-la-costena-red-110g-tamale-la-costena-red-110g-tamal-la-costena-rojo-110g\/"},"modified":"2026-02-14T06:03:43","modified_gmt":"2026-02-14T05:03:43","slug":"tamal-la-costena-red-110g-tamale-la-costena-red-110g-tamal-la-costena-rojo-110g","status":"publish","type":"product","link":"https:\/\/suapify.com\/en\/product\/tamal-la-costena-red-110g-tamale-la-costena-red-110g-tamal-la-costena-rojo-110g\/","title":{"rendered":"Tamal La Coste\u00f1a Red 110g (Tamale La Coste\u00f1a Red 110g (Tamal La Coste\u00f1a Rojo 110g)"},"content":{"rendered":"<p>Pamper your family with the flavor of La Coste\u00f1a&#8217;s Red Tamale. Just open the sachet, heat and enjoy. The ideal companion for your cravings.<br \/>\nProduct images are for reference only, label designs and content (ml, L, Kg, g, pieces, etc.) may change and\/or vary without prior notice.<\/p>\n<p>Important Features<br \/>\nKeep in a cool place<\/p>\n","protected":false},"excerpt":{"rendered":"<p>Pamper your family with the flavor of La Coste\u00f1a&#8217;s Red Tamale. Just open the sachet, heat and enjoy. The ideal companion for your cravings.<br \/>\nProduct images are for reference only, label designs and content (ml, L, Kg, g, pieces, etc.) may change and\/or vary without prior notice.<\/p>\n<p>Important Features<br \/>\nKeep in a cool place<\/p>\n","protected":false},"featured_media":5271,"comment_status":"open","ping_status":"closed","template":"","meta":{"inline_featured_image":false},"product_brand":[],"product_cat":[60,295],"product_tag":[],"class_list":{"0":"post-5273","1":"product","2":"type-product","3":"status-publish","4":"has-post-thumbnail","6":"product_cat-la-costea","7":"product_cat-ready-to-eat","9":"first","10":"instock","11":"shipping-taxable","12":"purchasable","13":"product-type-simple"},"jetpack_sharing_enabled":true,"_links":{"self":[{"href":"https:\/\/suapify.com\/en\/wp-json\/wp\/v2\/product\/5273","targetHints":{"allow":["GET"]}}],"collection":[{"href":"https:\/\/suapify.com\/en\/wp-json\/wp\/v2\/product"}],"about":[{"href":"https:\/\/suapify.com\/en\/wp-json\/wp\/v2\/types\/product"}],"replies":[{"embeddable":true,"href":"https:\/\/suapify.com\/en\/wp-json\/wp\/v2\/comments?post=5273"}],"wp:featuredmedia":[{"embeddable":true,"href":"https:\/\/suapify.com\/en\/wp-json\/wp\/v2\/media\/5271"}],"wp:attachment":[{"href":"https:\/\/suapify.com\/en\/wp-json\/wp\/v2\/media?parent=5273"}],"wp:term":[{"taxonomy":"product_brand","embeddable":true,"href":"https:\/\/suapify.com\/en\/wp-json\/wp\/v2\/product_brand?post=5273"},{"taxonomy":"product_cat","embeddable":true,"href":"https:\/\/suapify.com\/en\/wp-json\/wp\/v2\/product_cat?post=5273"},{"taxonomy":"product_tag","embeddable":true,"href":"https:\/\/suapify.com\/en\/wp-json\/wp\/v2\/product_tag?post=5273"}],"curies":[{"name":"wp","href":"https:\/\/api.w.org\/{rel}","templated":true}]}}