{"id":4923,"date":"2026-02-14T04:16:32","date_gmt":"2026-02-14T03:16:32","guid":{"rendered":"https:\/\/suapify.com\/en\/product\/f-diaz-jamaica-concentrate-1l-concentrado-f-diaz-jamaica-1l\/"},"modified":"2026-02-14T04:16:32","modified_gmt":"2026-02-14T03:16:32","slug":"f-diaz-jamaica-concentrate-1l-concentrado-f-diaz-jamaica-1l","status":"publish","type":"product","link":"https:\/\/suapify.com\/en\/product\/f-diaz-jamaica-concentrate-1l-concentrado-f-diaz-jamaica-1l\/","title":{"rendered":"F-D\u00edaz Jamaica Concentrate 1L (Concentrado F-D\u00edaz Jamaica 1L)"},"content":{"rendered":"<p>F-D\u00edaz Jamaica Concentrate<br \/>\nProduct images are for reference only, label designs and content (ml, L, Kg, g, pieces, etc.) may change and\/or vary without prior notice.<\/p>\n<p>Important Features<br \/>\nNo added sugar<br \/>\n100% Natural Fruit<br \/>\nMakes up to 20 Liters<br \/>\nMade in Mexico<\/p>\n","protected":false},"excerpt":{"rendered":"<p>F-D\u00edaz Jamaica Concentrate<br \/>\nProduct images are for reference only, label designs and content (ml, L, Kg, g, pieces, etc.) may change and\/or vary without prior notice.<\/p>\n<p>Important Features<br \/>\nNo added sugar<br \/>\n100% Natural Fruit<br \/>\nMakes up to 20 Liters<br \/>\nMade in Mexico<\/p>\n","protected":false},"featured_media":4920,"comment_status":"open","ping_status":"closed","template":"","meta":{"inline_featured_image":false},"product_brand":[],"product_cat":[277,266],"product_tag":[],"class_list":{"0":"post-4923","1":"product","2":"type-product","3":"status-publish","4":"has-post-thumbnail","6":"product_cat-f-daz","7":"product_cat-flavorings","9":"first","10":"instock","11":"shipping-taxable","12":"purchasable","13":"product-type-simple"},"jetpack_sharing_enabled":true,"_links":{"self":[{"href":"https:\/\/suapify.com\/en\/wp-json\/wp\/v2\/product\/4923","targetHints":{"allow":["GET"]}}],"collection":[{"href":"https:\/\/suapify.com\/en\/wp-json\/wp\/v2\/product"}],"about":[{"href":"https:\/\/suapify.com\/en\/wp-json\/wp\/v2\/types\/product"}],"replies":[{"embeddable":true,"href":"https:\/\/suapify.com\/en\/wp-json\/wp\/v2\/comments?post=4923"}],"wp:featuredmedia":[{"embeddable":true,"href":"https:\/\/suapify.com\/en\/wp-json\/wp\/v2\/media\/4920"}],"wp:attachment":[{"href":"https:\/\/suapify.com\/en\/wp-json\/wp\/v2\/media?parent=4923"}],"wp:term":[{"taxonomy":"product_brand","embeddable":true,"href":"https:\/\/suapify.com\/en\/wp-json\/wp\/v2\/product_brand?post=4923"},{"taxonomy":"product_cat","embeddable":true,"href":"https:\/\/suapify.com\/en\/wp-json\/wp\/v2\/product_cat?post=4923"},{"taxonomy":"product_tag","embeddable":true,"href":"https:\/\/suapify.com\/en\/wp-json\/wp\/v2\/product_tag?post=4923"}],"curies":[{"name":"wp","href":"https:\/\/api.w.org\/{rel}","templated":true}]}}