{"id":4468,"date":"2026-02-14T04:02:30","date_gmt":"2026-02-14T03:02:30","guid":{"rendered":"https:\/\/suapify.com\/en\/product\/zuko-iced-tea-light-black-tea-lemon-flavor-makes-2l-saborizante-zuko-te-helado-light-te-negro-sabor-limon-rinde-2l\/"},"modified":"2026-02-14T04:02:30","modified_gmt":"2026-02-14T03:02:30","slug":"zuko-iced-tea-light-black-tea-lemon-flavor-makes-2l-saborizante-zuko-te-helado-light-te-negro-sabor-limon-rinde-2l","status":"publish","type":"product","link":"https:\/\/suapify.com\/en\/product\/zuko-iced-tea-light-black-tea-lemon-flavor-makes-2l-saborizante-zuko-te-helado-light-te-negro-sabor-limon-rinde-2l\/","title":{"rendered":"Zuko Iced Tea Light Black Tea Lemon Flavor Makes 2L (Saborizante Zuko T\u00e9 Helado Light T\u00e9 Negro Sabor Lim\u00f3n Rinde 2L)"},"content":{"rendered":"<p>Light instant drink powder with black tea extract and lemon flavor.  Take advantage of the antioxidant properties that this product provides with 32% Tea, which is also sugar-free and calorie-free. Each sachet yields 2 liters.<br \/>\nProduct images are for reference only, label designs and content (ml, L, Kg, g, pieces, etc.) may change and\/or vary without prior notice.<\/p>\n<p>Important Features<br \/>\nWith tea extract<br \/>\nNo sugar, no calories. Does not require sugar.<br \/>\nBlack tea is a natural source of antioxidants<\/p>\n","protected":false},"excerpt":{"rendered":"<p>Light instant drink powder with black tea extract and lemon flavor.  Take advantage of the antioxidant properties that this product provides with 32% Tea, which is also sugar-free and calorie-free. Each sachet yields 2 liters.<br \/>\nProduct images are for reference only, label designs and content (ml, L, Kg, g, pieces, etc.) may change and\/or vary without prior notice.<\/p>\n<p>Important Features<br \/>\nWith tea extract<br \/>\nNo sugar, no calories. Does not require sugar.<br \/>\nBlack tea is a natural source of antioxidants<\/p>\n","protected":false},"featured_media":4460,"comment_status":"open","ping_status":"closed","template":"","meta":{"inline_featured_image":false},"product_brand":[],"product_cat":[266,265],"product_tag":[],"class_list":{"0":"post-4468","1":"product","2":"type-product","3":"status-publish","4":"has-post-thumbnail","6":"product_cat-flavorings","7":"product_cat-zuko","9":"first","10":"instock","11":"shipping-taxable","12":"purchasable","13":"product-type-simple"},"jetpack_sharing_enabled":true,"_links":{"self":[{"href":"https:\/\/suapify.com\/en\/wp-json\/wp\/v2\/product\/4468","targetHints":{"allow":["GET"]}}],"collection":[{"href":"https:\/\/suapify.com\/en\/wp-json\/wp\/v2\/product"}],"about":[{"href":"https:\/\/suapify.com\/en\/wp-json\/wp\/v2\/types\/product"}],"replies":[{"embeddable":true,"href":"https:\/\/suapify.com\/en\/wp-json\/wp\/v2\/comments?post=4468"}],"wp:featuredmedia":[{"embeddable":true,"href":"https:\/\/suapify.com\/en\/wp-json\/wp\/v2\/media\/4460"}],"wp:attachment":[{"href":"https:\/\/suapify.com\/en\/wp-json\/wp\/v2\/media?parent=4468"}],"wp:term":[{"taxonomy":"product_brand","embeddable":true,"href":"https:\/\/suapify.com\/en\/wp-json\/wp\/v2\/product_brand?post=4468"},{"taxonomy":"product_cat","embeddable":true,"href":"https:\/\/suapify.com\/en\/wp-json\/wp\/v2\/product_cat?post=4468"},{"taxonomy":"product_tag","embeddable":true,"href":"https:\/\/suapify.com\/en\/wp-json\/wp\/v2\/product_tag?post=4468"}],"curies":[{"name":"wp","href":"https:\/\/api.w.org\/{rel}","templated":true}]}}