{"id":4413,"date":"2026-02-14T01:13:08","date_gmt":"2026-02-14T00:13:08","guid":{"rendered":"https:\/\/suapify.com\/en\/product\/tehuacan-sparkling-water-355ml-agua-mineral-tehuacan-355ml\/"},"modified":"2026-02-14T01:13:08","modified_gmt":"2026-02-14T00:13:08","slug":"tehuacan-sparkling-water-355ml-agua-mineral-tehuacan-355ml","status":"publish","type":"product","link":"https:\/\/suapify.com\/en\/product\/tehuacan-sparkling-water-355ml-agua-mineral-tehuacan-355ml\/","title":{"rendered":"Tehuac\u00e1n Sparkling Water 355ml (Agua Mineral Tehuac\u00e1n 355ml)"},"content":{"rendered":"<p>Tehuac\u00e1n Sparkling Water<br \/>\nProduct images are for reference only, label designs and content (ml, L, Kg, g, pieces, etc.) may change and\/or vary without prior notice.<\/p>\n<p>Important Features<br \/>\nComing from the springs of Tehuac\u00e1n<br \/>\nRefreshing<br \/>\nNatural carbonated Sparkling Water<\/p>\n","protected":false},"excerpt":{"rendered":"<p>Tehuac\u00e1n Sparkling Water<br \/>\nProduct images are for reference only, label designs and content (ml, L, Kg, g, pieces, etc.) may change and\/or vary without prior notice.<\/p>\n<p>Important Features<br \/>\nComing from the springs of Tehuac\u00e1n<br \/>\nRefreshing<br \/>\nNatural carbonated Sparkling Water<\/p>\n","protected":false},"featured_media":4410,"comment_status":"open","ping_status":"closed","template":"","meta":{"inline_featured_image":false},"product_brand":[],"product_cat":[235,167],"product_tag":[],"class_list":{"0":"post-4413","1":"product","2":"type-product","3":"status-publish","4":"has-post-thumbnail","6":"product_cat-sparkling-water","7":"product_cat-tehuacan","9":"first","10":"instock","11":"shipping-taxable","12":"purchasable","13":"product-type-simple"},"jetpack_sharing_enabled":true,"_links":{"self":[{"href":"https:\/\/suapify.com\/en\/wp-json\/wp\/v2\/product\/4413","targetHints":{"allow":["GET"]}}],"collection":[{"href":"https:\/\/suapify.com\/en\/wp-json\/wp\/v2\/product"}],"about":[{"href":"https:\/\/suapify.com\/en\/wp-json\/wp\/v2\/types\/product"}],"replies":[{"embeddable":true,"href":"https:\/\/suapify.com\/en\/wp-json\/wp\/v2\/comments?post=4413"}],"wp:featuredmedia":[{"embeddable":true,"href":"https:\/\/suapify.com\/en\/wp-json\/wp\/v2\/media\/4410"}],"wp:attachment":[{"href":"https:\/\/suapify.com\/en\/wp-json\/wp\/v2\/media?parent=4413"}],"wp:term":[{"taxonomy":"product_brand","embeddable":true,"href":"https:\/\/suapify.com\/en\/wp-json\/wp\/v2\/product_brand?post=4413"},{"taxonomy":"product_cat","embeddable":true,"href":"https:\/\/suapify.com\/en\/wp-json\/wp\/v2\/product_cat?post=4413"},{"taxonomy":"product_tag","embeddable":true,"href":"https:\/\/suapify.com\/en\/wp-json\/wp\/v2\/product_tag?post=4413"}],"curies":[{"name":"wp","href":"https:\/\/api.w.org\/{rel}","templated":true}]}}