{"id":4175,"date":"2026-02-14T01:07:08","date_gmt":"2026-02-14T00:07:08","guid":{"rendered":"https:\/\/suapify.com\/en\/product\/felix-guava-sparkling-water-355ml-agua-mineral-felix-guayaba-355ml\/"},"modified":"2026-02-14T01:07:08","modified_gmt":"2026-02-14T00:07:08","slug":"felix-guava-sparkling-water-355ml-agua-mineral-felix-guayaba-355ml","status":"publish","type":"product","link":"https:\/\/suapify.com\/en\/product\/felix-guava-sparkling-water-355ml-agua-mineral-felix-guayaba-355ml\/","title":{"rendered":"F\u00e9lix Guava Sparkling Water 355ml (Agua Mineral F\u00e9lix Guayaba 355ml)"},"content":{"rendered":"<p>F\u00e9lix Guava Sparkling Water 355ml.<br \/>\nProduct images are for reference only, label design and content (ml, L, Kg, g, pieces, etc.) may change and\/or vary without prior notice.<\/p>\n<p>Important Features<br \/>\nGuava Flavor<br \/>\nNo sweetener<br \/>\nRefreshing<\/p>\n","protected":false},"excerpt":{"rendered":"<p>F\u00e9lix Guava Sparkling Water 355ml.<br \/>\nProduct images are for reference only, label design and content (ml, L, Kg, g, pieces, etc.) may change and\/or vary without prior notice.<\/p>\n<p>Important Features<br \/>\nGuava Flavor<br \/>\nNo sweetener<br \/>\nRefreshing<\/p>\n","protected":false},"featured_media":4172,"comment_status":"open","ping_status":"closed","template":"","meta":{"inline_featured_image":false},"product_brand":[],"product_cat":[244,235],"product_tag":[],"class_list":{"0":"post-4175","1":"product","2":"type-product","3":"status-publish","4":"has-post-thumbnail","6":"product_cat-felix","7":"product_cat-sparkling-water","9":"first","10":"instock","11":"shipping-taxable","12":"purchasable","13":"product-type-simple"},"jetpack_sharing_enabled":true,"_links":{"self":[{"href":"https:\/\/suapify.com\/en\/wp-json\/wp\/v2\/product\/4175","targetHints":{"allow":["GET"]}}],"collection":[{"href":"https:\/\/suapify.com\/en\/wp-json\/wp\/v2\/product"}],"about":[{"href":"https:\/\/suapify.com\/en\/wp-json\/wp\/v2\/types\/product"}],"replies":[{"embeddable":true,"href":"https:\/\/suapify.com\/en\/wp-json\/wp\/v2\/comments?post=4175"}],"wp:featuredmedia":[{"embeddable":true,"href":"https:\/\/suapify.com\/en\/wp-json\/wp\/v2\/media\/4172"}],"wp:attachment":[{"href":"https:\/\/suapify.com\/en\/wp-json\/wp\/v2\/media?parent=4175"}],"wp:term":[{"taxonomy":"product_brand","embeddable":true,"href":"https:\/\/suapify.com\/en\/wp-json\/wp\/v2\/product_brand?post=4175"},{"taxonomy":"product_cat","embeddable":true,"href":"https:\/\/suapify.com\/en\/wp-json\/wp\/v2\/product_cat?post=4175"},{"taxonomy":"product_tag","embeddable":true,"href":"https:\/\/suapify.com\/en\/wp-json\/wp\/v2\/product_tag?post=4175"}],"curies":[{"name":"wp","href":"https:\/\/api.w.org\/{rel}","templated":true}]}}