{"id":3857,"date":"2026-02-13T06:51:10","date_gmt":"2026-02-13T05:51:10","guid":{"rendered":"https:\/\/suapify.com\/en\/product\/ocean-spray-super-day-blueberry-and-mango-1l-ocean-spray-super-dia-arandano-y-mango-1l\/"},"modified":"2026-02-13T07:02:27","modified_gmt":"2026-02-13T06:02:27","slug":"ocean-spray-super-day-blueberry-and-mango-1l-ocean-spray-super-dia-arandano-y-mango-1l","status":"publish","type":"product","link":"https:\/\/suapify.com\/en\/product\/ocean-spray-super-day-blueberry-and-mango-1l-ocean-spray-super-dia-arandano-y-mango-1l\/","title":{"rendered":"Ocean Spray Super Day Blueberry and Mango 1L (Ocean Spray S\u00faper D\u00eda Ar\u00e1ndano y Mango 1L)"},"content":{"rendered":"<p>Feel the benefits of Cranberry! Enjoy the delicious flavor of cranberries that come straight from the field. A delicious way to get all the health benefits.<br \/>\nProduct images are for reference only, label designs and content (ml, L, Kg, g, pieces, etc.) may change and\/or vary without prior notice.<\/p>\n<p>Important Features<br \/>\nFREE OF: Artificial colors and flavors. No sweeteners and no preservatives.<br \/>\nMIX: Enjoy Ocean Spray with your favorite drink as it is a good way to replace soda.<\/p>\n","protected":false},"excerpt":{"rendered":"<p>Feel the benefits of Cranberry! Enjoy the delicious flavor of cranberries that come straight from the field. A delicious way to get all the health benefits.<br \/>\nProduct images are for reference only, label designs and content (ml, L, Kg, g, pieces, etc.) may change and\/or vary without prior notice.<\/p>\n<p>Important Features<br \/>\nFREE OF: Artificial colors and flavors. No sweeteners and no preservatives.<br \/>\nMIX: Enjoy Ocean Spray with your favorite drink as it is a good way to replace soda.<\/p>\n","protected":false},"featured_media":3849,"comment_status":"open","ping_status":"closed","template":"","meta":{"inline_featured_image":false},"product_brand":[],"product_cat":[215,234],"product_tag":[],"class_list":{"0":"post-3857","1":"product","2":"type-product","3":"status-publish","4":"has-post-thumbnail","6":"product_cat-ocean-spray","7":"product_cat-juices","9":"first","10":"instock","11":"shipping-taxable","12":"purchasable","13":"product-type-simple"},"jetpack_sharing_enabled":true,"_links":{"self":[{"href":"https:\/\/suapify.com\/en\/wp-json\/wp\/v2\/product\/3857","targetHints":{"allow":["GET"]}}],"collection":[{"href":"https:\/\/suapify.com\/en\/wp-json\/wp\/v2\/product"}],"about":[{"href":"https:\/\/suapify.com\/en\/wp-json\/wp\/v2\/types\/product"}],"replies":[{"embeddable":true,"href":"https:\/\/suapify.com\/en\/wp-json\/wp\/v2\/comments?post=3857"}],"wp:featuredmedia":[{"embeddable":true,"href":"https:\/\/suapify.com\/en\/wp-json\/wp\/v2\/media\/3849"}],"wp:attachment":[{"href":"https:\/\/suapify.com\/en\/wp-json\/wp\/v2\/media?parent=3857"}],"wp:term":[{"taxonomy":"product_brand","embeddable":true,"href":"https:\/\/suapify.com\/en\/wp-json\/wp\/v2\/product_brand?post=3857"},{"taxonomy":"product_cat","embeddable":true,"href":"https:\/\/suapify.com\/en\/wp-json\/wp\/v2\/product_cat?post=3857"},{"taxonomy":"product_tag","embeddable":true,"href":"https:\/\/suapify.com\/en\/wp-json\/wp\/v2\/product_tag?post=3857"}],"curies":[{"name":"wp","href":"https:\/\/api.w.org\/{rel}","templated":true}]}}