{"id":2923,"date":"2026-02-13T04:16:25","date_gmt":"2026-02-13T03:16:25","guid":{"rendered":"https:\/\/suapify.com\/en\/product\/sprite-sugar-free-fruit-soda-sugar-free-lemon-lime-flavor-355ml-refresco-frutal-sprite-sin-azucar-sin-azucar-sabor-lima-limon-355ml\/"},"modified":"2026-02-13T04:16:25","modified_gmt":"2026-02-13T03:16:25","slug":"sprite-sugar-free-fruit-soda-sugar-free-lemon-lime-flavor-355ml-refresco-frutal-sprite-sin-azucar-sin-azucar-sabor-lima-limon-355ml","status":"publish","type":"product","link":"https:\/\/suapify.com\/en\/product\/sprite-sugar-free-fruit-soda-sugar-free-lemon-lime-flavor-355ml-refresco-frutal-sprite-sin-azucar-sin-azucar-sabor-lima-limon-355ml\/","title":{"rendered":"Sprite Sugar-Free Fruit Soda Sugar-Free Lemon-Lime flavor 355ml (Refresco Frutal Sprite sin Az\u00facar Sin Az\u00facar sabor Lima-Lim\u00f3n 355ml)"},"content":{"rendered":"<p>Sprite Sugar Free Soft Drink 355 ML Pet<br \/>\nProduct images are for reference only, label design and content (ml, L, Kg, g, pieces, etc.) may change and\/or vary without prior notice.<\/p>\n<p>Important Features<br \/>\nThe taste of Sprite, now sugar-free and calorie-free<br \/>\nLow sodium hydration<br \/>\n100% recyclable packaging; together we take care of our world<br \/>\nLow sodium hydration<\/p>\n","protected":false},"excerpt":{"rendered":"<p>Sprite Sugar Free Soft Drink 355 ML Pet<br \/>\nProduct images are for reference only, label design and content (ml, L, Kg, g, pieces, etc.) may change and\/or vary without prior notice.<\/p>\n<p>Important Features<br \/>\nThe taste of Sprite, now sugar-free and calorie-free<br \/>\nLow sodium hydration<br \/>\n100% recyclable packaging; together we take care of our world<br \/>\nLow sodium hydration<\/p>\n","protected":false},"featured_media":2922,"comment_status":"open","ping_status":"closed","template":"","meta":{"inline_featured_image":false},"product_brand":[],"product_cat":[144,165],"product_tag":[],"class_list":{"0":"post-2923","1":"product","2":"type-product","3":"status-publish","4":"has-post-thumbnail","6":"product_cat-soft-drinks","7":"product_cat-sprite","9":"first","10":"instock","11":"shipping-taxable","12":"purchasable","13":"product-type-simple"},"jetpack_sharing_enabled":true,"_links":{"self":[{"href":"https:\/\/suapify.com\/en\/wp-json\/wp\/v2\/product\/2923","targetHints":{"allow":["GET"]}}],"collection":[{"href":"https:\/\/suapify.com\/en\/wp-json\/wp\/v2\/product"}],"about":[{"href":"https:\/\/suapify.com\/en\/wp-json\/wp\/v2\/types\/product"}],"replies":[{"embeddable":true,"href":"https:\/\/suapify.com\/en\/wp-json\/wp\/v2\/comments?post=2923"}],"wp:featuredmedia":[{"embeddable":true,"href":"https:\/\/suapify.com\/en\/wp-json\/wp\/v2\/media\/2922"}],"wp:attachment":[{"href":"https:\/\/suapify.com\/en\/wp-json\/wp\/v2\/media?parent=2923"}],"wp:term":[{"taxonomy":"product_brand","embeddable":true,"href":"https:\/\/suapify.com\/en\/wp-json\/wp\/v2\/product_brand?post=2923"},{"taxonomy":"product_cat","embeddable":true,"href":"https:\/\/suapify.com\/en\/wp-json\/wp\/v2\/product_cat?post=2923"},{"taxonomy":"product_tag","embeddable":true,"href":"https:\/\/suapify.com\/en\/wp-json\/wp\/v2\/product_tag?post=2923"}],"curies":[{"name":"wp","href":"https:\/\/api.w.org\/{rel}","templated":true}]}}