{"id":2579,"date":"2026-02-13T03:34:15","date_gmt":"2026-02-13T02:34:15","guid":{"rendered":"https:\/\/suapify.com\/en\/product\/nescafe-coffee-hazelnut-flavors-120-gr-cafe-nescafe-sabores-avellana-120-gr\/"},"modified":"2026-02-13T03:34:15","modified_gmt":"2026-02-13T02:34:15","slug":"nescafe-coffee-hazelnut-flavors-120-gr-cafe-nescafe-sabores-avellana-120-gr","status":"publish","type":"product","link":"https:\/\/suapify.com\/en\/product\/nescafe-coffee-hazelnut-flavors-120-gr-cafe-nescafe-sabores-avellana-120-gr\/","title":{"rendered":"Nescaf\u00e9 Coffee Hazelnut Flavors 120 Gr (Caf\u00e9 Nescaf\u00e9 Sabores Avellana 120 Gr)"},"content":{"rendered":"<p>Nescaf\u00e9 Coffee Hazelnut Flavors 120 Gr<\/p>\n<p>Important Features<br \/>\nDownload the app.<\/p>\n","protected":false},"excerpt":{"rendered":"<p>Nescaf\u00e9 Coffee Hazelnut Flavors 120 Gr<\/p>\n<p>Important Features<br \/>\nDownload the app.<\/p>\n","protected":false},"featured_media":2578,"comment_status":"open","ping_status":"closed","template":"","meta":{"inline_featured_image":false},"product_brand":[],"product_cat":[115,69],"product_tag":[],"class_list":{"0":"post-2579","1":"product","2":"type-product","3":"status-publish","4":"has-post-thumbnail","6":"product_cat-cookies","7":"product_cat-otras-marcas","9":"first","10":"instock","11":"shipping-taxable","12":"purchasable","13":"product-type-simple"},"jetpack_sharing_enabled":true,"_links":{"self":[{"href":"https:\/\/suapify.com\/en\/wp-json\/wp\/v2\/product\/2579","targetHints":{"allow":["GET"]}}],"collection":[{"href":"https:\/\/suapify.com\/en\/wp-json\/wp\/v2\/product"}],"about":[{"href":"https:\/\/suapify.com\/en\/wp-json\/wp\/v2\/types\/product"}],"replies":[{"embeddable":true,"href":"https:\/\/suapify.com\/en\/wp-json\/wp\/v2\/comments?post=2579"}],"wp:featuredmedia":[{"embeddable":true,"href":"https:\/\/suapify.com\/en\/wp-json\/wp\/v2\/media\/2578"}],"wp:attachment":[{"href":"https:\/\/suapify.com\/en\/wp-json\/wp\/v2\/media?parent=2579"}],"wp:term":[{"taxonomy":"product_brand","embeddable":true,"href":"https:\/\/suapify.com\/en\/wp-json\/wp\/v2\/product_brand?post=2579"},{"taxonomy":"product_cat","embeddable":true,"href":"https:\/\/suapify.com\/en\/wp-json\/wp\/v2\/product_cat?post=2579"},{"taxonomy":"product_tag","embeddable":true,"href":"https:\/\/suapify.com\/en\/wp-json\/wp\/v2\/product_tag?post=2579"}],"curies":[{"name":"wp","href":"https:\/\/api.w.org\/{rel}","templated":true}]}}