{"id":2484,"date":"2026-02-13T03:31:36","date_gmt":"2026-02-13T02:31:36","guid":{"rendered":"https:\/\/suapify.com\/en\/product\/marinela-principe-white-chocolate-cookies-315g-galletas-marinela-principe-chocolate-blanco-315g\/"},"modified":"2026-02-13T03:31:36","modified_gmt":"2026-02-13T02:31:36","slug":"marinela-principe-white-chocolate-cookies-315g-galletas-marinela-principe-chocolate-blanco-315g","status":"publish","type":"product","link":"https:\/\/suapify.com\/en\/product\/marinela-principe-white-chocolate-cookies-315g-galletas-marinela-principe-chocolate-blanco-315g\/","title":{"rendered":"Marinela Pr\u00edncipe White Chocolate Cookies 315g (Galletas Marinela Pr\u00edncipe Chocolate Blanco 315g)"},"content":{"rendered":"<p>Marinela Pr\u00edncipe White Chocolate Cookies 315g<br \/>\nProduct images are for reference only, label design and content (ml, L, Kg, g, pieces, etc.) may change and\/or vary without prior notice.<\/p>\n<p>Important Features<br \/>\nTop cookie with a creamy white chocolate (vanilla) filling<br \/>\nDelicious flavor.<br \/>\nSandwich cookie<br \/>\nIdeal for sharing<\/p>\n","protected":false},"excerpt":{"rendered":"<p>Marinela Pr\u00edncipe White Chocolate Cookies 315g<br \/>\nProduct images are for reference only, label design and content (ml, L, Kg, g, pieces, etc.) may change and\/or vary without prior notice.<\/p>\n<p>Important Features<br \/>\nTop cookie with a creamy white chocolate (vanilla) filling<br \/>\nDelicious flavor.<br \/>\nSandwich cookie<br \/>\nIdeal for sharing<\/p>\n","protected":false},"featured_media":2482,"comment_status":"open","ping_status":"closed","template":"","meta":{"inline_featured_image":false},"product_brand":[],"product_cat":[115,131],"product_tag":[],"class_list":{"0":"post-2484","1":"product","2":"type-product","3":"status-publish","4":"has-post-thumbnail","6":"product_cat-cookies","7":"product_cat-marinela","9":"first","10":"instock","11":"shipping-taxable","12":"purchasable","13":"product-type-simple"},"jetpack_sharing_enabled":true,"_links":{"self":[{"href":"https:\/\/suapify.com\/en\/wp-json\/wp\/v2\/product\/2484","targetHints":{"allow":["GET"]}}],"collection":[{"href":"https:\/\/suapify.com\/en\/wp-json\/wp\/v2\/product"}],"about":[{"href":"https:\/\/suapify.com\/en\/wp-json\/wp\/v2\/types\/product"}],"replies":[{"embeddable":true,"href":"https:\/\/suapify.com\/en\/wp-json\/wp\/v2\/comments?post=2484"}],"wp:featuredmedia":[{"embeddable":true,"href":"https:\/\/suapify.com\/en\/wp-json\/wp\/v2\/media\/2482"}],"wp:attachment":[{"href":"https:\/\/suapify.com\/en\/wp-json\/wp\/v2\/media?parent=2484"}],"wp:term":[{"taxonomy":"product_brand","embeddable":true,"href":"https:\/\/suapify.com\/en\/wp-json\/wp\/v2\/product_brand?post=2484"},{"taxonomy":"product_cat","embeddable":true,"href":"https:\/\/suapify.com\/en\/wp-json\/wp\/v2\/product_cat?post=2484"},{"taxonomy":"product_tag","embeddable":true,"href":"https:\/\/suapify.com\/en\/wp-json\/wp\/v2\/product_tag?post=2484"}],"curies":[{"name":"wp","href":"https:\/\/api.w.org\/{rel}","templated":true}]}}