{"id":1999,"date":"2026-02-13T03:17:31","date_gmt":"2026-02-13T02:17:31","guid":{"rendered":"https:\/\/suapify.com\/en\/product\/chedraui-marias-cookie-850g-galleta-chedraui-marias-850g\/"},"modified":"2026-02-13T03:17:31","modified_gmt":"2026-02-13T02:17:31","slug":"chedraui-marias-cookie-850g-galleta-chedraui-marias-850g","status":"publish","type":"product","link":"https:\/\/suapify.com\/en\/product\/chedraui-marias-cookie-850g-galleta-chedraui-marias-850g\/","title":{"rendered":"Chedraui Mar\u00edas cookie 850g (Galleta Chedraui  Mar\u00edas 850g)"},"content":{"rendered":"<p>Chedraui Mar\u00edas cookie 850g<br \/>\nProduct images are for reference only, label designs and content (ml, L, Kg, g, pieces, etc.) may change and\/or vary without prior notice.<\/p>\n<p>Important Features<br \/>\nMarias Cookies<br \/>\nDelicious flavor<br \/>\nWith 5 packages of 170g<\/p>\n","protected":false},"excerpt":{"rendered":"<p>Chedraui Mar\u00edas cookie 850g<br \/>\nProduct images are for reference only, label designs and content (ml, L, Kg, g, pieces, etc.) may change and\/or vary without prior notice.<\/p>\n<p>Important Features<br \/>\nMarias Cookies<br \/>\nDelicious flavor<br \/>\nWith 5 packages of 170g<\/p>\n","protected":false},"featured_media":1998,"comment_status":"open","ping_status":"closed","template":"","meta":{"inline_featured_image":false},"product_brand":[],"product_cat":[40,115],"product_tag":[],"class_list":{"0":"post-1999","1":"product","2":"type-product","3":"status-publish","4":"has-post-thumbnail","6":"product_cat-chedraui","7":"product_cat-cookies","9":"first","10":"instock","11":"shipping-taxable","12":"purchasable","13":"product-type-simple"},"jetpack_sharing_enabled":true,"_links":{"self":[{"href":"https:\/\/suapify.com\/en\/wp-json\/wp\/v2\/product\/1999","targetHints":{"allow":["GET"]}}],"collection":[{"href":"https:\/\/suapify.com\/en\/wp-json\/wp\/v2\/product"}],"about":[{"href":"https:\/\/suapify.com\/en\/wp-json\/wp\/v2\/types\/product"}],"replies":[{"embeddable":true,"href":"https:\/\/suapify.com\/en\/wp-json\/wp\/v2\/comments?post=1999"}],"wp:featuredmedia":[{"embeddable":true,"href":"https:\/\/suapify.com\/en\/wp-json\/wp\/v2\/media\/1998"}],"wp:attachment":[{"href":"https:\/\/suapify.com\/en\/wp-json\/wp\/v2\/media?parent=1999"}],"wp:term":[{"taxonomy":"product_brand","embeddable":true,"href":"https:\/\/suapify.com\/en\/wp-json\/wp\/v2\/product_brand?post=1999"},{"taxonomy":"product_cat","embeddable":true,"href":"https:\/\/suapify.com\/en\/wp-json\/wp\/v2\/product_cat?post=1999"},{"taxonomy":"product_tag","embeddable":true,"href":"https:\/\/suapify.com\/en\/wp-json\/wp\/v2\/product_tag?post=1999"}],"curies":[{"name":"wp","href":"https:\/\/api.w.org\/{rel}","templated":true}]}}