{"id":1913,"date":"2026-02-13T02:15:52","date_gmt":"2026-02-13T01:15:52","guid":{"rendered":"https:\/\/suapify.com\/en\/product\/dulce-lucas-panzon-watermelon-1-piece-38g-dulce-lucas-panzon-sandia-1-pieza-38g\/"},"modified":"2026-02-13T02:15:52","modified_gmt":"2026-02-13T01:15:52","slug":"dulce-lucas-panzon-watermelon-1-piece-38g-dulce-lucas-panzon-sandia-1-pieza-38g","status":"publish","type":"product","link":"https:\/\/suapify.com\/en\/product\/dulce-lucas-panzon-watermelon-1-piece-38g-dulce-lucas-panzon-sandia-1-pieza-38g\/","title":{"rendered":"Dulce Lucas Panz\u00f3n Watermelon 1 Piece 38g (Dulce Lucas Panz\u00f3n Sandia 1 Pieza 38g)"},"content":{"rendered":"<p>Lucas Panz\u00f3n, Watermelon flavored caramel popsicle with tamarind flavor sauce, 40 grams<br \/>\nProduct images are for reference only, label designs and content (ml, L, Kg, g, pieces, etc.) may change and\/or vary without prior notice.<\/p>\n<p>Important Features<br \/>\nCholesterol free<\/p>\n","protected":false},"excerpt":{"rendered":"<p>Lucas Panz\u00f3n, Watermelon flavored caramel popsicle with tamarind flavor sauce, 40 grams<br \/>\nProduct images are for reference only, label designs and content (ml, L, Kg, g, pieces, etc.) may change and\/or vary without prior notice.<\/p>\n<p>Important Features<br \/>\nCholesterol free<\/p>\n","protected":false},"featured_media":1909,"comment_status":"open","ping_status":"closed","template":"","meta":{"inline_featured_image":false},"product_brand":[],"product_cat":[73,109],"product_tag":[],"class_list":{"0":"post-1913","1":"product","2":"type-product","3":"status-publish","4":"has-post-thumbnail","6":"product_cat-candy","7":"product_cat-lucas","9":"first","10":"instock","11":"shipping-taxable","12":"purchasable","13":"product-type-simple"},"jetpack_sharing_enabled":true,"_links":{"self":[{"href":"https:\/\/suapify.com\/en\/wp-json\/wp\/v2\/product\/1913","targetHints":{"allow":["GET"]}}],"collection":[{"href":"https:\/\/suapify.com\/en\/wp-json\/wp\/v2\/product"}],"about":[{"href":"https:\/\/suapify.com\/en\/wp-json\/wp\/v2\/types\/product"}],"replies":[{"embeddable":true,"href":"https:\/\/suapify.com\/en\/wp-json\/wp\/v2\/comments?post=1913"}],"wp:featuredmedia":[{"embeddable":true,"href":"https:\/\/suapify.com\/en\/wp-json\/wp\/v2\/media\/1909"}],"wp:attachment":[{"href":"https:\/\/suapify.com\/en\/wp-json\/wp\/v2\/media?parent=1913"}],"wp:term":[{"taxonomy":"product_brand","embeddable":true,"href":"https:\/\/suapify.com\/en\/wp-json\/wp\/v2\/product_brand?post=1913"},{"taxonomy":"product_cat","embeddable":true,"href":"https:\/\/suapify.com\/en\/wp-json\/wp\/v2\/product_cat?post=1913"},{"taxonomy":"product_tag","embeddable":true,"href":"https:\/\/suapify.com\/en\/wp-json\/wp\/v2\/product_tag?post=1913"}],"curies":[{"name":"wp","href":"https:\/\/api.w.org\/{rel}","templated":true}]}}