{"id":1885,"date":"2026-02-13T02:15:14","date_gmt":"2026-02-13T01:15:14","guid":{"rendered":"https:\/\/suapify.com\/en\/product\/tin-larin-chocolate-21g-chocolate-tin-larin-21g\/"},"modified":"2026-02-13T02:15:14","modified_gmt":"2026-02-13T01:15:14","slug":"tin-larin-chocolate-21g-chocolate-tin-larin-21g","status":"publish","type":"product","link":"https:\/\/suapify.com\/en\/product\/tin-larin-chocolate-21g-chocolate-tin-larin-21g\/","title":{"rendered":"Tin Lar\u00edn Chocolate 21g (Chocolate Tin Lar\u00edn 21g)"},"content":{"rendered":"<p>TIN LAR\u00cdN CHOCOLATE 1PC 21GR<br \/>\nProduct images are for reference only, label designs and content (ml, L, Kg, g, pieces, etc.) may change and\/or vary without prior notice.<\/p>\n<p>Important Features<br \/>\nCrispy cookie<br \/>\nStore in a cool, dry place, away from contaminating aromas.<br \/>\nchocolate covered<\/p>\n","protected":false},"excerpt":{"rendered":"<p>TIN LAR\u00cdN CHOCOLATE 1PC 21GR<br \/>\nProduct images are for reference only, label designs and content (ml, L, Kg, g, pieces, etc.) may change and\/or vary without prior notice.<\/p>\n<p>Important Features<br \/>\nCrispy cookie<br \/>\nStore in a cool, dry place, away from contaminating aromas.<br \/>\nchocolate covered<\/p>\n","protected":false},"featured_media":1878,"comment_status":"open","ping_status":"closed","template":"","meta":{"inline_featured_image":false},"product_brand":[],"product_cat":[73,105],"product_tag":[],"class_list":{"0":"post-1885","1":"product","2":"type-product","3":"status-publish","4":"has-post-thumbnail","6":"product_cat-candy","7":"product_cat-tin-larn","9":"first","10":"instock","11":"shipping-taxable","12":"purchasable","13":"product-type-simple"},"jetpack_sharing_enabled":true,"_links":{"self":[{"href":"https:\/\/suapify.com\/en\/wp-json\/wp\/v2\/product\/1885","targetHints":{"allow":["GET"]}}],"collection":[{"href":"https:\/\/suapify.com\/en\/wp-json\/wp\/v2\/product"}],"about":[{"href":"https:\/\/suapify.com\/en\/wp-json\/wp\/v2\/types\/product"}],"replies":[{"embeddable":true,"href":"https:\/\/suapify.com\/en\/wp-json\/wp\/v2\/comments?post=1885"}],"wp:featuredmedia":[{"embeddable":true,"href":"https:\/\/suapify.com\/en\/wp-json\/wp\/v2\/media\/1878"}],"wp:attachment":[{"href":"https:\/\/suapify.com\/en\/wp-json\/wp\/v2\/media?parent=1885"}],"wp:term":[{"taxonomy":"product_brand","embeddable":true,"href":"https:\/\/suapify.com\/en\/wp-json\/wp\/v2\/product_brand?post=1885"},{"taxonomy":"product_cat","embeddable":true,"href":"https:\/\/suapify.com\/en\/wp-json\/wp\/v2\/product_cat?post=1885"},{"taxonomy":"product_tag","embeddable":true,"href":"https:\/\/suapify.com\/en\/wp-json\/wp\/v2\/product_tag?post=1885"}],"curies":[{"name":"wp","href":"https:\/\/api.w.org\/{rel}","templated":true}]}}