{"id":1649,"date":"2026-02-13T02:09:33","date_gmt":"2026-02-13T01:09:33","guid":{"rendered":"https:\/\/suapify.com\/en\/product\/larin-zero-sugar-free-chocolate-19g-chocolate-larin-cero-sin-azucar-19g\/"},"modified":"2026-02-13T02:09:33","modified_gmt":"2026-02-13T01:09:33","slug":"larin-zero-sugar-free-chocolate-19g-chocolate-larin-cero-sin-azucar-19g","status":"publish","type":"product","link":"https:\/\/suapify.com\/en\/product\/larin-zero-sugar-free-chocolate-19g-chocolate-larin-cero-sin-azucar-19g\/","title":{"rendered":"Lar\u00edn Zero Sugar Free Chocolate 19g (Chocolate Lar\u00edn Cero Sin Az\u00facar 19g)"},"content":{"rendered":"<p>Lar\u00edn Cero milk chocolate is ready to be enjoyed at any time of the day, as a dessert or snack. Keep in a cool, dry place and away from aromas that contaminate it.<br \/>\nProduct images are for reference only, label designs and content (ml, L, Kg, g, pieces, etc.) may change and\/or vary without prior notice.<\/p>\n<p>Important Features<br \/>\nLar\u00edn chocolate bar with skim milk<br \/>\nWith pieces of almonds.<br \/>\nsugar free<br \/>\nSweetened with Splenda<\/p>\n","protected":false},"excerpt":{"rendered":"<p>Lar\u00edn Cero milk chocolate is ready to be enjoyed at any time of the day, as a dessert or snack. Keep in a cool, dry place and away from aromas that contaminate it.<br \/>\nProduct images are for reference only, label designs and content (ml, L, Kg, g, pieces, etc.) may change and\/or vary without prior notice.<\/p>\n<p>Important Features<br \/>\nLar\u00edn chocolate bar with skim milk<br \/>\nWith pieces of almonds.<br \/>\nsugar free<br \/>\nSweetened with Splenda<\/p>\n","protected":false},"featured_media":1641,"comment_status":"open","ping_status":"closed","template":"","meta":{"inline_featured_image":false},"product_brand":[],"product_cat":[73,85],"product_tag":[],"class_list":{"0":"post-1649","1":"product","2":"type-product","3":"status-publish","4":"has-post-thumbnail","6":"product_cat-candy","7":"product_cat-larn","9":"first","10":"instock","11":"shipping-taxable","12":"purchasable","13":"product-type-simple"},"jetpack_sharing_enabled":true,"_links":{"self":[{"href":"https:\/\/suapify.com\/en\/wp-json\/wp\/v2\/product\/1649","targetHints":{"allow":["GET"]}}],"collection":[{"href":"https:\/\/suapify.com\/en\/wp-json\/wp\/v2\/product"}],"about":[{"href":"https:\/\/suapify.com\/en\/wp-json\/wp\/v2\/types\/product"}],"replies":[{"embeddable":true,"href":"https:\/\/suapify.com\/en\/wp-json\/wp\/v2\/comments?post=1649"}],"wp:featuredmedia":[{"embeddable":true,"href":"https:\/\/suapify.com\/en\/wp-json\/wp\/v2\/media\/1641"}],"wp:attachment":[{"href":"https:\/\/suapify.com\/en\/wp-json\/wp\/v2\/media?parent=1649"}],"wp:term":[{"taxonomy":"product_brand","embeddable":true,"href":"https:\/\/suapify.com\/en\/wp-json\/wp\/v2\/product_brand?post=1649"},{"taxonomy":"product_cat","embeddable":true,"href":"https:\/\/suapify.com\/en\/wp-json\/wp\/v2\/product_cat?post=1649"},{"taxonomy":"product_tag","embeddable":true,"href":"https:\/\/suapify.com\/en\/wp-json\/wp\/v2\/product_tag?post=1649"}],"curies":[{"name":"wp","href":"https:\/\/api.w.org\/{rel}","templated":true}]}}