{"id":1417,"date":"2026-02-12T23:50:32","date_gmt":"2026-02-12T22:50:32","guid":{"rendered":"https:\/\/suapify.com\/en\/product\/blueberry-tajin-premier-bag-of-120g-arandano-tajin-premier-bolsa-de-120g\/"},"modified":"2026-02-12T23:50:32","modified_gmt":"2026-02-12T22:50:32","slug":"blueberry-tajin-premier-bag-of-120g-arandano-tajin-premier-bolsa-de-120g","status":"publish","type":"product","link":"https:\/\/suapify.com\/en\/product\/blueberry-tajin-premier-bag-of-120g-arandano-tajin-premier-bolsa-de-120g\/","title":{"rendered":"Blueberry Taj\u00edn Premier Bag of 120g (Arandano Taj\u00edn Premier Bolsa de 120g)"},"content":{"rendered":"<p>Chilled blueberry with Taj\u00edn is a spicy snack that can be consumed at any time of the day.<br \/>\nProduct images are for reference only, label design and content (ml, L, Kg, g, pieces, etc.) may change and\/or vary without prior notice.<\/p>\n<p>Important Features<br \/>\nStrengthens the immune system<br \/>\nImproves metabolism<\/p>\n","protected":false},"excerpt":{"rendered":"<p>Chilled blueberry with Taj\u00edn is a spicy snack that can be consumed at any time of the day.<br \/>\nProduct images are for reference only, label design and content (ml, L, Kg, g, pieces, etc.) may change and\/or vary without prior notice.<\/p>\n<p>Important Features<br \/>\nStrengthens the immune system<br \/>\nImproves metabolism<\/p>\n","protected":false},"featured_media":1415,"comment_status":"open","ping_status":"closed","template":"","meta":{"inline_featured_image":false},"product_brand":[],"product_cat":[62,24],"product_tag":[],"class_list":{"0":"post-1417","1":"product","2":"type-product","3":"status-publish","4":"has-post-thumbnail","6":"product_cat-premier","7":"product_cat-snacks","9":"first","10":"instock","11":"shipping-taxable","12":"purchasable","13":"product-type-simple"},"jetpack_sharing_enabled":true,"_links":{"self":[{"href":"https:\/\/suapify.com\/en\/wp-json\/wp\/v2\/product\/1417","targetHints":{"allow":["GET"]}}],"collection":[{"href":"https:\/\/suapify.com\/en\/wp-json\/wp\/v2\/product"}],"about":[{"href":"https:\/\/suapify.com\/en\/wp-json\/wp\/v2\/types\/product"}],"replies":[{"embeddable":true,"href":"https:\/\/suapify.com\/en\/wp-json\/wp\/v2\/comments?post=1417"}],"wp:featuredmedia":[{"embeddable":true,"href":"https:\/\/suapify.com\/en\/wp-json\/wp\/v2\/media\/1415"}],"wp:attachment":[{"href":"https:\/\/suapify.com\/en\/wp-json\/wp\/v2\/media?parent=1417"}],"wp:term":[{"taxonomy":"product_brand","embeddable":true,"href":"https:\/\/suapify.com\/en\/wp-json\/wp\/v2\/product_brand?post=1417"},{"taxonomy":"product_cat","embeddable":true,"href":"https:\/\/suapify.com\/en\/wp-json\/wp\/v2\/product_cat?post=1417"},{"taxonomy":"product_tag","embeddable":true,"href":"https:\/\/suapify.com\/en\/wp-json\/wp\/v2\/product_tag?post=1417"}],"curies":[{"name":"wp","href":"https:\/\/api.w.org\/{rel}","templated":true}]}}