{"id":1033,"date":"2026-02-12T23:41:54","date_gmt":"2026-02-12T22:41:54","guid":{"rendered":"https:\/\/suapify.com\/en\/product\/susalitas-nacho-jalapeno-cheese-flavor-susalia-200g-susalitas-nacho-sabor-queso-jalapeno-susalia-200g\/"},"modified":"2026-02-12T23:41:54","modified_gmt":"2026-02-12T22:41:54","slug":"susalitas-nacho-jalapeno-cheese-flavor-susalia-200g-susalitas-nacho-sabor-queso-jalapeno-susalia-200g","status":"publish","type":"product","link":"https:\/\/suapify.com\/en\/product\/susalitas-nacho-jalapeno-cheese-flavor-susalia-200g-susalitas-nacho-sabor-queso-jalapeno-susalia-200g\/","title":{"rendered":"Susalitas Nacho Jalape\u00f1o Cheese flavor Susalia 200g (Susalitas Nacho sabor Queso Jalape\u00f1o Susalia 200g)"},"content":{"rendered":"<p>Susalitas Nacho Jalape\u00f1o Cheese flavor Susalia 200g<\/p>\n<p>Important Features<br \/>\nNo added sugar<\/p>\n","protected":false},"excerpt":{"rendered":"<p>Susalitas Nacho Jalape\u00f1o Cheese flavor Susalia 200g<\/p>\n<p>Important Features<br \/>\nNo added sugar<\/p>\n","protected":false},"featured_media":1032,"comment_status":"open","ping_status":"closed","template":"","meta":{"inline_featured_image":false},"product_brand":[],"product_cat":[47,24],"product_tag":[],"class_list":{"0":"post-1033","1":"product","2":"type-product","3":"status-publish","4":"has-post-thumbnail","6":"product_cat-productos-frescos","7":"product_cat-snacks","9":"first","10":"instock","11":"shipping-taxable","12":"purchasable","13":"product-type-simple"},"jetpack_sharing_enabled":true,"_links":{"self":[{"href":"https:\/\/suapify.com\/en\/wp-json\/wp\/v2\/product\/1033","targetHints":{"allow":["GET"]}}],"collection":[{"href":"https:\/\/suapify.com\/en\/wp-json\/wp\/v2\/product"}],"about":[{"href":"https:\/\/suapify.com\/en\/wp-json\/wp\/v2\/types\/product"}],"replies":[{"embeddable":true,"href":"https:\/\/suapify.com\/en\/wp-json\/wp\/v2\/comments?post=1033"}],"wp:featuredmedia":[{"embeddable":true,"href":"https:\/\/suapify.com\/en\/wp-json\/wp\/v2\/media\/1032"}],"wp:attachment":[{"href":"https:\/\/suapify.com\/en\/wp-json\/wp\/v2\/media?parent=1033"}],"wp:term":[{"taxonomy":"product_brand","embeddable":true,"href":"https:\/\/suapify.com\/en\/wp-json\/wp\/v2\/product_brand?post=1033"},{"taxonomy":"product_cat","embeddable":true,"href":"https:\/\/suapify.com\/en\/wp-json\/wp\/v2\/product_cat?post=1033"},{"taxonomy":"product_tag","embeddable":true,"href":"https:\/\/suapify.com\/en\/wp-json\/wp\/v2\/product_tag?post=1033"}],"curies":[{"name":"wp","href":"https:\/\/api.w.org\/{rel}","templated":true}]}}